{"id":131,"date":"2021-11-02T09:50:16","date_gmt":"2021-11-02T08:50:16","guid":{"rendered":"https:\/\/www.cbmszczecin.pl\/?page_id=131"},"modified":"2023-03-26T08:39:44","modified_gmt":"2023-03-26T07:39:44","slug":"ustawianie-anten","status":"publish","type":"page","link":"https:\/\/www.cbmszczecin.pl\/index.php\/ustawianie-anten\/","title":{"rendered":"Ustawianie Anten Szczecin"},"content":{"rendered":"\n<p>Oferujemy monta\u017c i ustawienie anten satelitarnych oraz naziemnych &#8211; do\u015bwiadczenie liczone w setkach ustawionych anten<\/p>\n\n\n\n<ul><li>Ustawiamy satelity Hotbird , Astra oraz inne<\/li><li>Wykonujemy instalacje zbiorcze w hotelach oraz budynkach wielorodzinnych.<\/li><li>Rozbudowujemy istniej\u0105ce instalacje.<\/li><li>Naprawiamy tunery satelitarne (w tym Polsatu i NC+)<\/li><li>Pomiar\u00f3w sygna\u0142u dokonujemy przy u\u017cyciu profesjonalnych miernik\u00f3w.<\/li><li>Wyci\u015bniemy z Twojej anteny maksymalny poziom sygna\u0142u \ud83d\ude42<\/li><\/ul>\n\n\n\n<figure class=\"is-layout-flex wp-block-gallery-1 wp-block-gallery columns-3 is-cropped\"><ul class=\"blocks-gallery-grid\"><li class=\"blocks-gallery-item\"><figure><img decoding=\"async\" loading=\"lazy\" width=\"765\" height=\"1024\" src=\"https:\/\/www.cbmszczecin.pl\/wp-content\/uploads\/2021\/11\/IMG_1632-765x1024.jpg\" alt=\"\" data-id=\"138\" data-full-url=\"https:\/\/www.cbmszczecin.pl\/wp-content\/uploads\/2021\/11\/IMG_1632-scaled.jpg\" data-link=\"https:\/\/www.cbmszczecin.pl\/index.php\/ustawianie-anten\/img_1632\/\" class=\"wp-image-138\" srcset=\"https:\/\/www.cbmszczecin.pl\/wp-content\/uploads\/2021\/11\/IMG_1632-765x1024.jpg 765w, https:\/\/www.cbmszczecin.pl\/wp-content\/uploads\/2021\/11\/IMG_1632-224x300.jpg 224w, https:\/\/www.cbmszczecin.pl\/wp-content\/uploads\/2021\/11\/IMG_1632-768x1028.jpg 768w, https:\/\/www.cbmszczecin.pl\/wp-content\/uploads\/2021\/11\/IMG_1632-1147x1536.jpg 1147w, https:\/\/www.cbmszczecin.pl\/wp-content\/uploads\/2021\/11\/IMG_1632-1530x2048.jpg 1530w, https:\/\/www.cbmszczecin.pl\/wp-content\/uploads\/2021\/11\/IMG_1632-scaled.jpg 1912w\" sizes=\"(max-width: 765px) 100vw, 765px\" \/><\/figure><\/li><li class=\"blocks-gallery-item\"><figure><img decoding=\"async\" loading=\"lazy\" width=\"765\" height=\"1024\" src=\"https:\/\/www.cbmszczecin.pl\/wp-content\/uploads\/2021\/11\/IMG_2673-765x1024.jpg\" alt=\"\" data-id=\"141\" data-full-url=\"https:\/\/www.cbmszczecin.pl\/wp-content\/uploads\/2021\/11\/IMG_2673-scaled.jpg\" data-link=\"https:\/\/www.cbmszczecin.pl\/index.php\/ustawianie-anten\/img_2673\/\" class=\"wp-image-141\" srcset=\"https:\/\/www.cbmszczecin.pl\/wp-content\/uploads\/2021\/11\/IMG_2673-765x1024.jpg 765w, https:\/\/www.cbmszczecin.pl\/wp-content\/uploads\/2021\/11\/IMG_2673-224x300.jpg 224w, https:\/\/www.cbmszczecin.pl\/wp-content\/uploads\/2021\/11\/IMG_2673-768x1028.jpg 768w, https:\/\/www.cbmszczecin.pl\/wp-content\/uploads\/2021\/11\/IMG_2673-1147x1536.jpg 1147w, https:\/\/www.cbmszczecin.pl\/wp-content\/uploads\/2021\/11\/IMG_2673-1530x2048.jpg 1530w, https:\/\/www.cbmszczecin.pl\/wp-content\/uploads\/2021\/11\/IMG_2673-scaled.jpg 1912w\" sizes=\"(max-width: 765px) 100vw, 765px\" \/><\/figure><\/li><li class=\"blocks-gallery-item\"><figure><img decoding=\"async\" loading=\"lazy\" width=\"1024\" height=\"765\" src=\"https:\/\/www.cbmszczecin.pl\/wp-content\/uploads\/2021\/11\/IMG_3005-1024x765.jpg\" alt=\"\" data-id=\"142\" data-full-url=\"https:\/\/www.cbmszczecin.pl\/wp-content\/uploads\/2021\/11\/IMG_3005-scaled.jpg\" data-link=\"https:\/\/www.cbmszczecin.pl\/index.php\/ustawianie-anten\/img_3005\/\" class=\"wp-image-142\" srcset=\"https:\/\/www.cbmszczecin.pl\/wp-content\/uploads\/2021\/11\/IMG_3005-1024x765.jpg 1024w, https:\/\/www.cbmszczecin.pl\/wp-content\/uploads\/2021\/11\/IMG_3005-300x224.jpg 300w, https:\/\/www.cbmszczecin.pl\/wp-content\/uploads\/2021\/11\/IMG_3005-768x574.jpg 768w, https:\/\/www.cbmszczecin.pl\/wp-content\/uploads\/2021\/11\/IMG_3005-1536x1147.jpg 1536w, https:\/\/www.cbmszczecin.pl\/wp-content\/uploads\/2021\/11\/IMG_3005-2048x1530.jpg 2048w\" sizes=\"(max-width: 1024px) 100vw, 1024px\" \/><\/figure><\/li><\/ul><\/figure>\n","protected":false},"excerpt":{"rendered":"<p>Oferujemy monta\u017c i ustawienie anten satelitarnych oraz naziemnych &#8211; do\u015bwiadczenie liczone w setkach ustawionych anten Ustawiamy satelity Hotbird , Astra<\/p>\n","protected":false},"author":1,"featured_media":0,"parent":0,"menu_order":0,"comment_status":"closed","ping_status":"closed","template":"","meta":[],"_links":{"self":[{"href":"https:\/\/www.cbmszczecin.pl\/index.php\/wp-json\/wp\/v2\/pages\/131"}],"collection":[{"href":"https:\/\/www.cbmszczecin.pl\/index.php\/wp-json\/wp\/v2\/pages"}],"about":[{"href":"https:\/\/www.cbmszczecin.pl\/index.php\/wp-json\/wp\/v2\/types\/page"}],"author":[{"embeddable":true,"href":"https:\/\/www.cbmszczecin.pl\/index.php\/wp-json\/wp\/v2\/users\/1"}],"replies":[{"embeddable":true,"href":"https:\/\/www.cbmszczecin.pl\/index.php\/wp-json\/wp\/v2\/comments?post=131"}],"version-history":[{"count":3,"href":"https:\/\/www.cbmszczecin.pl\/index.php\/wp-json\/wp\/v2\/pages\/131\/revisions"}],"predecessor-version":[{"id":194,"href":"https:\/\/www.cbmszczecin.pl\/index.php\/wp-json\/wp\/v2\/pages\/131\/revisions\/194"}],"wp:attachment":[{"href":"https:\/\/www.cbmszczecin.pl\/index.php\/wp-json\/wp\/v2\/media?parent=131"}],"curies":[{"name":"wp","href":"https:\/\/api.w.org\/{rel}","templated":true}]}}