{"id":48,"date":"2021-11-01T15:34:07","date_gmt":"2021-11-01T15:34:07","guid":{"rendered":"https:\/\/www.cbmszczecin.pl\/?page_id=48"},"modified":"2021-11-02T12:03:53","modified_gmt":"2021-11-02T11:03:53","slug":"sklep","status":"publish","type":"page","link":"https:\/\/www.cbmszczecin.pl\/index.php\/sklep\/","title":{"rendered":"Sklep"},"content":{"rendered":"\n<p>W ofercie posiadamy:<\/p>\n\n\n\n<ul><li>Komputery PC nowe i u\u017cywane &#8211; budujemy komputery wed\u0142ug potrzeb klient\u00f3w<\/li><li>Laptopy nowe i u\u017cywane<\/li><li>Monitory<\/li><li>Drukarki oraz tusze<\/li><li>Tablety, \u0142adowarki<\/li><li>Telewizory nowe i u\u017cywane<\/li><li>Akcesoria i podzespo\u0142y komputerowe<\/li><li>Dekodery i osprz\u0119t antenowy<\/li><\/ul>\n\n\n\n<figure class=\"is-layout-flex wp-block-gallery-1 wp-block-gallery columns-3 is-cropped\"><ul class=\"blocks-gallery-grid\"><li class=\"blocks-gallery-item\"><figure><img decoding=\"async\" loading=\"lazy\" width=\"1024\" height=\"576\" src=\"https:\/\/www.cbmszczecin.pl\/wp-content\/uploads\/2021\/11\/DSC04574-1024x576.jpg\" alt=\"\" data-id=\"174\" data-full-url=\"https:\/\/www.cbmszczecin.pl\/wp-content\/uploads\/2021\/11\/DSC04574-scaled.jpg\" data-link=\"https:\/\/www.cbmszczecin.pl\/index.php\/sklep\/dsc04574\/\" class=\"wp-image-174\" srcset=\"https:\/\/www.cbmszczecin.pl\/wp-content\/uploads\/2021\/11\/DSC04574-1024x576.jpg 1024w, https:\/\/www.cbmszczecin.pl\/wp-content\/uploads\/2021\/11\/DSC04574-300x169.jpg 300w, https:\/\/www.cbmszczecin.pl\/wp-content\/uploads\/2021\/11\/DSC04574-768x432.jpg 768w, https:\/\/www.cbmszczecin.pl\/wp-content\/uploads\/2021\/11\/DSC04574-1536x863.jpg 1536w, https:\/\/www.cbmszczecin.pl\/wp-content\/uploads\/2021\/11\/DSC04574-2048x1151.jpg 2048w\" sizes=\"(max-width: 1024px) 100vw, 1024px\" \/><\/figure><\/li><li class=\"blocks-gallery-item\"><figure><img decoding=\"async\" loading=\"lazy\" width=\"1024\" height=\"576\" src=\"https:\/\/www.cbmszczecin.pl\/wp-content\/uploads\/2021\/11\/DSC04571-1024x576.jpg\" alt=\"\" data-id=\"172\" data-full-url=\"https:\/\/www.cbmszczecin.pl\/wp-content\/uploads\/2021\/11\/DSC04571-scaled.jpg\" data-link=\"https:\/\/www.cbmszczecin.pl\/index.php\/sklep\/dsc04571\/\" class=\"wp-image-172\" srcset=\"https:\/\/www.cbmszczecin.pl\/wp-content\/uploads\/2021\/11\/DSC04571-1024x576.jpg 1024w, https:\/\/www.cbmszczecin.pl\/wp-content\/uploads\/2021\/11\/DSC04571-300x169.jpg 300w, https:\/\/www.cbmszczecin.pl\/wp-content\/uploads\/2021\/11\/DSC04571-768x432.jpg 768w, https:\/\/www.cbmszczecin.pl\/wp-content\/uploads\/2021\/11\/DSC04571-1536x863.jpg 1536w, https:\/\/www.cbmszczecin.pl\/wp-content\/uploads\/2021\/11\/DSC04571-2048x1151.jpg 2048w\" sizes=\"(max-width: 1024px) 100vw, 1024px\" \/><\/figure><\/li><li class=\"blocks-gallery-item\"><figure><img decoding=\"async\" loading=\"lazy\" width=\"1024\" height=\"576\" src=\"https:\/\/www.cbmszczecin.pl\/wp-content\/uploads\/2021\/11\/DSC04570-1024x576.jpg\" alt=\"\" data-id=\"171\" data-full-url=\"https:\/\/www.cbmszczecin.pl\/wp-content\/uploads\/2021\/11\/DSC04570-scaled.jpg\" data-link=\"https:\/\/www.cbmszczecin.pl\/index.php\/sklep\/dsc04570\/\" class=\"wp-image-171\" srcset=\"https:\/\/www.cbmszczecin.pl\/wp-content\/uploads\/2021\/11\/DSC04570-1024x576.jpg 1024w, https:\/\/www.cbmszczecin.pl\/wp-content\/uploads\/2021\/11\/DSC04570-300x169.jpg 300w, https:\/\/www.cbmszczecin.pl\/wp-content\/uploads\/2021\/11\/DSC04570-768x432.jpg 768w, https:\/\/www.cbmszczecin.pl\/wp-content\/uploads\/2021\/11\/DSC04570-1536x863.jpg 1536w, https:\/\/www.cbmszczecin.pl\/wp-content\/uploads\/2021\/11\/DSC04570-2048x1151.jpg 2048w\" sizes=\"(max-width: 1024px) 100vw, 1024px\" \/><\/figure><\/li><li class=\"blocks-gallery-item\"><figure><img decoding=\"async\" loading=\"lazy\" width=\"1024\" height=\"576\" src=\"https:\/\/www.cbmszczecin.pl\/wp-content\/uploads\/2021\/11\/DSC04568-1024x576.jpg\" alt=\"\" data-id=\"169\" data-full-url=\"https:\/\/www.cbmszczecin.pl\/wp-content\/uploads\/2021\/11\/DSC04568-scaled.jpg\" data-link=\"https:\/\/www.cbmszczecin.pl\/index.php\/sklep\/dsc04568\/\" class=\"wp-image-169\" srcset=\"https:\/\/www.cbmszczecin.pl\/wp-content\/uploads\/2021\/11\/DSC04568-1024x576.jpg 1024w, https:\/\/www.cbmszczecin.pl\/wp-content\/uploads\/2021\/11\/DSC04568-300x169.jpg 300w, https:\/\/www.cbmszczecin.pl\/wp-content\/uploads\/2021\/11\/DSC04568-768x432.jpg 768w, https:\/\/www.cbmszczecin.pl\/wp-content\/uploads\/2021\/11\/DSC04568-1536x863.jpg 1536w, https:\/\/www.cbmszczecin.pl\/wp-content\/uploads\/2021\/11\/DSC04568-2048x1151.jpg 2048w\" sizes=\"(max-width: 1024px) 100vw, 1024px\" \/><\/figure><\/li><li class=\"blocks-gallery-item\"><figure><img decoding=\"async\" loading=\"lazy\" width=\"1024\" height=\"576\" src=\"https:\/\/www.cbmszczecin.pl\/wp-content\/uploads\/2021\/11\/DSC04569-1024x576.jpg\" alt=\"\" data-id=\"170\" data-full-url=\"https:\/\/www.cbmszczecin.pl\/wp-content\/uploads\/2021\/11\/DSC04569-scaled.jpg\" data-link=\"https:\/\/www.cbmszczecin.pl\/index.php\/sklep\/dsc04569\/\" class=\"wp-image-170\" srcset=\"https:\/\/www.cbmszczecin.pl\/wp-content\/uploads\/2021\/11\/DSC04569-1024x576.jpg 1024w, https:\/\/www.cbmszczecin.pl\/wp-content\/uploads\/2021\/11\/DSC04569-300x169.jpg 300w, https:\/\/www.cbmszczecin.pl\/wp-content\/uploads\/2021\/11\/DSC04569-768x432.jpg 768w, https:\/\/www.cbmszczecin.pl\/wp-content\/uploads\/2021\/11\/DSC04569-1536x863.jpg 1536w, https:\/\/www.cbmszczecin.pl\/wp-content\/uploads\/2021\/11\/DSC04569-2048x1151.jpg 2048w\" sizes=\"(max-width: 1024px) 100vw, 1024px\" \/><\/figure><\/li><li class=\"blocks-gallery-item\"><figure><img decoding=\"async\" loading=\"lazy\" width=\"1024\" height=\"576\" src=\"https:\/\/www.cbmszczecin.pl\/wp-content\/uploads\/2021\/11\/DSC04572-1024x576.jpg\" alt=\"\" data-id=\"173\" data-full-url=\"https:\/\/www.cbmszczecin.pl\/wp-content\/uploads\/2021\/11\/DSC04572-scaled.jpg\" data-link=\"https:\/\/www.cbmszczecin.pl\/index.php\/sklep\/dsc04572\/\" class=\"wp-image-173\" srcset=\"https:\/\/www.cbmszczecin.pl\/wp-content\/uploads\/2021\/11\/DSC04572-1024x576.jpg 1024w, https:\/\/www.cbmszczecin.pl\/wp-content\/uploads\/2021\/11\/DSC04572-300x169.jpg 300w, https:\/\/www.cbmszczecin.pl\/wp-content\/uploads\/2021\/11\/DSC04572-768x432.jpg 768w, https:\/\/www.cbmszczecin.pl\/wp-content\/uploads\/2021\/11\/DSC04572-1536x863.jpg 1536w, https:\/\/www.cbmszczecin.pl\/wp-content\/uploads\/2021\/11\/DSC04572-2048x1151.jpg 2048w\" sizes=\"(max-width: 1024px) 100vw, 1024px\" \/><\/figure><\/li><\/ul><\/figure>\n","protected":false},"excerpt":{"rendered":"<p>W ofercie posiadamy: Komputery PC nowe i u\u017cywane &#8211; budujemy komputery wed\u0142ug potrzeb klient\u00f3w Laptopy nowe i u\u017cywane Monitory Drukarki<\/p>\n","protected":false},"author":1,"featured_media":0,"parent":0,"menu_order":0,"comment_status":"closed","ping_status":"closed","template":"","meta":[],"_links":{"self":[{"href":"https:\/\/www.cbmszczecin.pl\/index.php\/wp-json\/wp\/v2\/pages\/48"}],"collection":[{"href":"https:\/\/www.cbmszczecin.pl\/index.php\/wp-json\/wp\/v2\/pages"}],"about":[{"href":"https:\/\/www.cbmszczecin.pl\/index.php\/wp-json\/wp\/v2\/types\/page"}],"author":[{"embeddable":true,"href":"https:\/\/www.cbmszczecin.pl\/index.php\/wp-json\/wp\/v2\/users\/1"}],"replies":[{"embeddable":true,"href":"https:\/\/www.cbmszczecin.pl\/index.php\/wp-json\/wp\/v2\/comments?post=48"}],"version-history":[{"count":5,"href":"https:\/\/www.cbmszczecin.pl\/index.php\/wp-json\/wp\/v2\/pages\/48\/revisions"}],"predecessor-version":[{"id":175,"href":"https:\/\/www.cbmszczecin.pl\/index.php\/wp-json\/wp\/v2\/pages\/48\/revisions\/175"}],"wp:attachment":[{"href":"https:\/\/www.cbmszczecin.pl\/index.php\/wp-json\/wp\/v2\/media?parent=48"}],"curies":[{"name":"wp","href":"https:\/\/api.w.org\/{rel}","templated":true}]}}