{"id":50,"date":"2021-11-01T15:38:24","date_gmt":"2021-11-01T15:38:24","guid":{"rendered":"https:\/\/www.cbmszczecin.pl\/?page_id=50"},"modified":"2023-03-26T08:40:46","modified_gmt":"2023-03-26T07:40:46","slug":"serwis-komputerowy","status":"publish","type":"page","link":"https:\/\/www.cbmszczecin.pl\/index.php\/serwis-komputerowy\/","title":{"rendered":"Serwis RTV Szczecin"},"content":{"rendered":"\n<p><strong>Dzia\u0142alno\u015b\u0107 serwisu obejmuje:<\/strong><\/p>\n\n\n\n<p><strong>Sprz\u0119t komputerowy<\/strong><\/p>\n\n\n\n<ul><li>&nbsp;Naprawa komputer\u00f3w, laptop\u00f3w, monitor\u00f3w, serwer\u00f3w, drukarek<\/li><li>&nbsp;Instalacja i reinstalacja system\u00f3w operacyjnych<\/li><li>&nbsp;Instalacja i konfiguracja pod\u0142\u0105czenia do internetu<\/li><li>&nbsp;Modernizacja i rozbudowa komputer\u00f3w<\/li><li>&nbsp;Wymiana wadliwych podzespo\u0142\u00f3w<\/li><li>&nbsp;Oczyszczanie komputer\u00f3w z wirus\u00f3w i spyware<\/li><li>&nbsp;Archiwizacja i odzyskiwanie danych<\/li><li>&nbsp;Konfiguracja i instalacja urz\u0105dze\u0144 sieciowych<\/li><\/ul>\n\n\n\n<p><strong>Sprz\u0119t audio-video<\/strong><\/p>\n\n\n\n<ul><li> Naprawa telewizor\u00f3w LCD LED OLED QLED<\/li><li>&nbsp;Naprawa Tablet\u00f3w<\/li><li>&nbsp;Naprawa kamer cyfrowych<\/li><li>&nbsp;Naprawa urz\u0105dze\u0144 audio (wie\u017c, odtwarzaczy CD, wzmacniaczy)<\/li><li>&nbsp;Naprawa konsoli i pad\u00f3w PS oraz XBOX<\/li><li>&nbsp;Naprawa magnetowid\u00f3w<\/li><li>&nbsp;Instalacja telewizji satelitarnej<\/li><li>&nbsp;Instalacja telewizji przemys\u0142owej<\/li><li>&nbsp;Naprawa tuner\u00f3w satelitarnych<\/li><\/ul>\n\n\n\n<figure class=\"is-layout-flex wp-block-gallery-1 wp-block-gallery columns-3 is-cropped\"><ul class=\"blocks-gallery-grid\"><li class=\"blocks-gallery-item\"><figure><img decoding=\"async\" loading=\"lazy\" width=\"1024\" height=\"576\" src=\"https:\/\/www.cbmszczecin.pl\/wp-content\/uploads\/2021\/11\/DSC04567-1024x576.jpg\" alt=\"\" data-id=\"178\" data-link=\"https:\/\/www.cbmszczecin.pl\/index.php\/serwis-komputerowy\/dsc04567\/\" class=\"wp-image-178\" srcset=\"https:\/\/www.cbmszczecin.pl\/wp-content\/uploads\/2021\/11\/DSC04567-1024x576.jpg 1024w, https:\/\/www.cbmszczecin.pl\/wp-content\/uploads\/2021\/11\/DSC04567-300x169.jpg 300w, https:\/\/www.cbmszczecin.pl\/wp-content\/uploads\/2021\/11\/DSC04567-768x432.jpg 768w, https:\/\/www.cbmszczecin.pl\/wp-content\/uploads\/2021\/11\/DSC04567-1536x863.jpg 1536w, https:\/\/www.cbmszczecin.pl\/wp-content\/uploads\/2021\/11\/DSC04567-2048x1151.jpg 2048w\" sizes=\"(max-width: 1024px) 100vw, 1024px\" \/><\/figure><\/li><li class=\"blocks-gallery-item\"><figure><img decoding=\"async\" loading=\"lazy\" width=\"1024\" height=\"576\" src=\"https:\/\/www.cbmszczecin.pl\/wp-content\/uploads\/2021\/11\/20211103_141441-1024x576.jpg\" alt=\"\" data-id=\"191\" data-full-url=\"https:\/\/www.cbmszczecin.pl\/wp-content\/uploads\/2021\/11\/20211103_141441-scaled.jpg\" data-link=\"https:\/\/www.cbmszczecin.pl\/index.php\/serwis-komputerowy\/20211103_141441\/\" class=\"wp-image-191\" srcset=\"https:\/\/www.cbmszczecin.pl\/wp-content\/uploads\/2021\/11\/20211103_141441-1024x576.jpg 1024w, https:\/\/www.cbmszczecin.pl\/wp-content\/uploads\/2021\/11\/20211103_141441-300x169.jpg 300w, https:\/\/www.cbmszczecin.pl\/wp-content\/uploads\/2021\/11\/20211103_141441-768x432.jpg 768w, https:\/\/www.cbmszczecin.pl\/wp-content\/uploads\/2021\/11\/20211103_141441-1536x864.jpg 1536w, https:\/\/www.cbmszczecin.pl\/wp-content\/uploads\/2021\/11\/20211103_141441-2048x1152.jpg 2048w\" sizes=\"(max-width: 1024px) 100vw, 1024px\" \/><\/figure><\/li><li class=\"blocks-gallery-item\"><figure><img decoding=\"async\" loading=\"lazy\" width=\"448\" height=\"336\" src=\"https:\/\/www.cbmszczecin.pl\/wp-content\/uploads\/2021\/11\/serwis.jpg\" alt=\"\" data-id=\"109\" data-link=\"https:\/\/www.cbmszczecin.pl\/index.php\/galeria\/serwis\/\" class=\"wp-image-109\" srcset=\"https:\/\/www.cbmszczecin.pl\/wp-content\/uploads\/2021\/11\/serwis.jpg 448w, https:\/\/www.cbmszczecin.pl\/wp-content\/uploads\/2021\/11\/serwis-300x225.jpg 300w\" sizes=\"(max-width: 448px) 100vw, 448px\" \/><\/figure><\/li><li class=\"blocks-gallery-item\"><figure><img decoding=\"async\" loading=\"lazy\" width=\"1024\" height=\"576\" src=\"https:\/\/www.cbmszczecin.pl\/wp-content\/uploads\/2021\/11\/DSC04566-1024x576.jpg\" alt=\"\" data-id=\"177\" data-link=\"https:\/\/www.cbmszczecin.pl\/index.php\/serwis-komputerowy\/dsc04566\/\" class=\"wp-image-177\" srcset=\"https:\/\/www.cbmszczecin.pl\/wp-content\/uploads\/2021\/11\/DSC04566-1024x576.jpg 1024w, https:\/\/www.cbmszczecin.pl\/wp-content\/uploads\/2021\/11\/DSC04566-300x169.jpg 300w, https:\/\/www.cbmszczecin.pl\/wp-content\/uploads\/2021\/11\/DSC04566-768x432.jpg 768w, https:\/\/www.cbmszczecin.pl\/wp-content\/uploads\/2021\/11\/DSC04566-1536x863.jpg 1536w, https:\/\/www.cbmszczecin.pl\/wp-content\/uploads\/2021\/11\/DSC04566-2048x1151.jpg 2048w\" sizes=\"(max-width: 1024px) 100vw, 1024px\" \/><\/figure><\/li><li class=\"blocks-gallery-item\"><figure><img decoding=\"async\" loading=\"lazy\" width=\"1024\" height=\"576\" src=\"https:\/\/www.cbmszczecin.pl\/wp-content\/uploads\/2021\/11\/DSC04553-1024x576.jpg\" alt=\"\" data-id=\"125\" data-link=\"https:\/\/www.cbmszczecin.pl\/dsc04553\/\" class=\"wp-image-125\" srcset=\"https:\/\/www.cbmszczecin.pl\/wp-content\/uploads\/2021\/11\/DSC04553-1024x576.jpg 1024w, https:\/\/www.cbmszczecin.pl\/wp-content\/uploads\/2021\/11\/DSC04553-300x169.jpg 300w, https:\/\/www.cbmszczecin.pl\/wp-content\/uploads\/2021\/11\/DSC04553-768x432.jpg 768w, https:\/\/www.cbmszczecin.pl\/wp-content\/uploads\/2021\/11\/DSC04553-1536x863.jpg 1536w, https:\/\/www.cbmszczecin.pl\/wp-content\/uploads\/2021\/11\/DSC04553-2048x1151.jpg 2048w\" sizes=\"(max-width: 1024px) 100vw, 1024px\" \/><\/figure><\/li><li class=\"blocks-gallery-item\"><figure><img decoding=\"async\" loading=\"lazy\" width=\"1024\" height=\"765\" src=\"https:\/\/www.cbmszczecin.pl\/wp-content\/uploads\/2021\/11\/IMG_2046-1-1024x765.jpg\" alt=\"\" data-id=\"155\" data-link=\"https:\/\/www.cbmszczecin.pl\/index.php\/galeria\/img_2046-1\/\" class=\"wp-image-155\" srcset=\"https:\/\/www.cbmszczecin.pl\/wp-content\/uploads\/2021\/11\/IMG_2046-1-1024x765.jpg 1024w, https:\/\/www.cbmszczecin.pl\/wp-content\/uploads\/2021\/11\/IMG_2046-1-300x224.jpg 300w, https:\/\/www.cbmszczecin.pl\/wp-content\/uploads\/2021\/11\/IMG_2046-1-768x574.jpg 768w, https:\/\/www.cbmszczecin.pl\/wp-content\/uploads\/2021\/11\/IMG_2046-1-1536x1147.jpg 1536w, https:\/\/www.cbmszczecin.pl\/wp-content\/uploads\/2021\/11\/IMG_2046-1-2048x1530.jpg 2048w\" sizes=\"(max-width: 1024px) 100vw, 1024px\" \/><\/figure><\/li><li class=\"blocks-gallery-item\"><figure><img decoding=\"async\" loading=\"lazy\" width=\"1024\" height=\"576\" src=\"https:\/\/www.cbmszczecin.pl\/wp-content\/uploads\/2021\/11\/20210723_134021-1024x576.jpg\" alt=\"\" data-id=\"148\" data-link=\"https:\/\/www.cbmszczecin.pl\/index.php\/galeria\/20210723_134021\/\" class=\"wp-image-148\" srcset=\"https:\/\/www.cbmszczecin.pl\/wp-content\/uploads\/2021\/11\/20210723_134021-1024x576.jpg 1024w, https:\/\/www.cbmszczecin.pl\/wp-content\/uploads\/2021\/11\/20210723_134021-300x169.jpg 300w, https:\/\/www.cbmszczecin.pl\/wp-content\/uploads\/2021\/11\/20210723_134021-768x432.jpg 768w, https:\/\/www.cbmszczecin.pl\/wp-content\/uploads\/2021\/11\/20210723_134021-1536x864.jpg 1536w, https:\/\/www.cbmszczecin.pl\/wp-content\/uploads\/2021\/11\/20210723_134021-2048x1152.jpg 2048w\" sizes=\"(max-width: 1024px) 100vw, 1024px\" \/><\/figure><\/li><li class=\"blocks-gallery-item\"><figure><img decoding=\"async\" loading=\"lazy\" width=\"1024\" height=\"576\" src=\"https:\/\/www.cbmszczecin.pl\/wp-content\/uploads\/2021\/11\/20210723_134016-1024x576.jpg\" alt=\"\" data-id=\"147\" data-link=\"https:\/\/www.cbmszczecin.pl\/index.php\/galeria\/20210723_134016\/\" class=\"wp-image-147\" srcset=\"https:\/\/www.cbmszczecin.pl\/wp-content\/uploads\/2021\/11\/20210723_134016-1024x576.jpg 1024w, https:\/\/www.cbmszczecin.pl\/wp-content\/uploads\/2021\/11\/20210723_134016-300x169.jpg 300w, https:\/\/www.cbmszczecin.pl\/wp-content\/uploads\/2021\/11\/20210723_134016-768x432.jpg 768w, https:\/\/www.cbmszczecin.pl\/wp-content\/uploads\/2021\/11\/20210723_134016-1536x864.jpg 1536w, https:\/\/www.cbmszczecin.pl\/wp-content\/uploads\/2021\/11\/20210723_134016-2048x1152.jpg 2048w\" sizes=\"(max-width: 1024px) 100vw, 1024px\" \/><\/figure><\/li><\/ul><\/figure>\n","protected":false},"excerpt":{"rendered":"<p>Dzia\u0142alno\u015b\u0107 serwisu obejmuje: Sprz\u0119t komputerowy &nbsp;Naprawa komputer\u00f3w, laptop\u00f3w, monitor\u00f3w, serwer\u00f3w, drukarek &nbsp;Instalacja i reinstalacja system\u00f3w operacyjnych &nbsp;Instalacja i konfiguracja pod\u0142\u0105czenia<\/p>\n","protected":false},"author":1,"featured_media":0,"parent":0,"menu_order":0,"comment_status":"closed","ping_status":"closed","template":"","meta":[],"_links":{"self":[{"href":"https:\/\/www.cbmszczecin.pl\/index.php\/wp-json\/wp\/v2\/pages\/50"}],"collection":[{"href":"https:\/\/www.cbmszczecin.pl\/index.php\/wp-json\/wp\/v2\/pages"}],"about":[{"href":"https:\/\/www.cbmszczecin.pl\/index.php\/wp-json\/wp\/v2\/types\/page"}],"author":[{"embeddable":true,"href":"https:\/\/www.cbmszczecin.pl\/index.php\/wp-json\/wp\/v2\/users\/1"}],"replies":[{"embeddable":true,"href":"https:\/\/www.cbmszczecin.pl\/index.php\/wp-json\/wp\/v2\/comments?post=50"}],"version-history":[{"count":10,"href":"https:\/\/www.cbmszczecin.pl\/index.php\/wp-json\/wp\/v2\/pages\/50\/revisions"}],"predecessor-version":[{"id":195,"href":"https:\/\/www.cbmszczecin.pl\/index.php\/wp-json\/wp\/v2\/pages\/50\/revisions\/195"}],"wp:attachment":[{"href":"https:\/\/www.cbmszczecin.pl\/index.php\/wp-json\/wp\/v2\/media?parent=50"}],"curies":[{"name":"wp","href":"https:\/\/api.w.org\/{rel}","templated":true}]}}